{"id":19889,"date":"2025-04-08T09:20:20","date_gmt":"2025-04-08T09:20:20","guid":{"rendered":"https:\/\/ayoubmountasir.fr\/?page_id=19889"},"modified":"2025-04-08T22:08:56","modified_gmt":"2025-04-08T22:08:56","slug":"mon-histoire-avec-le-ccbe","status":"publish","type":"page","link":"https:\/\/ayoubmountasir.fr\/en\/mon-histoire-avec-le-ccbe\/","title":{"rendered":"Mon histoire avec le CCBE"},"content":{"rendered":"<div data-elementor-type=\"wp-post\" data-elementor-id=\"19889\" class=\"elementor elementor-19889\" data-elementor-post-type=\"page\">\n\t\t\t\t\t\t<section class=\"elementor-section elementor-top-section elementor-element elementor-element-20f5a600 elementor-section-full_width elementor-section-height-default elementor-section-height-default\" data-id=\"20f5a600\" data-element_type=\"section\" data-e-type=\"section\" data-settings=\"{&quot;background_background&quot;:&quot;classic&quot;}\">\n\t\t\t\t\t\t<div class=\"elementor-container elementor-column-gap-no\">\n\t\t\t\t\t<div class=\"elementor-column elementor-col-100 elementor-top-column elementor-element elementor-element-68886a79\" data-id=\"68886a79\" data-element_type=\"column\" data-e-type=\"column\">\n\t\t\t<div class=\"elementor-widget-wrap elementor-element-populated\">\n\t\t\t\t\t\t<div class=\"elementor-element elementor-element-41c3e03 elementor-widget elementor-widget-spacer\" data-id=\"41c3e03\" data-element_type=\"widget\" data-e-type=\"widget\" data-widget_type=\"spacer.default\">\n\t\t\t\t<div class=\"elementor-widget-container\">\n\t\t\t\t\t\t\t<div class=\"elementor-spacer\">\n\t\t\t<div class=\"elementor-spacer-inner\"><\/div>\n\t\t<\/div>\n\t\t\t\t\t\t<\/div>\n\t\t\t\t<\/div>\n\t\t\t\t<section class=\"elementor-section elementor-inner-section elementor-element elementor-element-f9d2d91 elementor-section-boxed elementor-section-height-default elementor-section-height-default\" data-id=\"f9d2d91\" data-element_type=\"section\" data-e-type=\"section\">\n\t\t\t\t\t\t<div class=\"elementor-container elementor-column-gap-extended\">\n\t\t\t\t\t<div class=\"elementor-column elementor-col-100 elementor-inner-column elementor-element elementor-element-d4864b9\" data-id=\"d4864b9\" data-element_type=\"column\" data-e-type=\"column\">\n\t\t\t<div class=\"elementor-widget-wrap elementor-element-populated\">\n\t\t\t\t\t\t<div class=\"elementor-element elementor-element-c370c4a elementor-widget-mobile__width-inherit elementor-invisible elementor-widget elementor-widget-text-editor\" data-id=\"c370c4a\" data-element_type=\"widget\" data-e-type=\"widget\" data-settings=\"{&quot;_animation&quot;:&quot;fadeInRight&quot;}\" data-widget_type=\"text-editor.default\">\n\t\t\t\t<div class=\"elementor-widget-container\">\n\t\t\t\t\t\t\t\t\t<p><strong><span style=\"background: #fffcf4 repeat scroll 0% 0%; color: #ee5a5a;\">Cher Conseil des barreaux europ\u00e9ens, bonjour!<br \/><\/span><\/strong>D\u00e9couvrez en vid\u00e9o comment ma cr\u00e9ativit\u00e9 et mon expertise seront des atouts pour les projets du CCBE.<\/p>\t\t\t\t\t\t\t\t<\/div>\n\t\t\t\t<\/div>\n\t\t\t\t\t<\/div>\n\t\t<\/div>\n\t\t\t\t\t<\/div>\n\t\t<\/section>\n\t\t\t\t\t<\/div>\n\t\t<\/div>\n\t\t\t\t\t<\/div>\n\t\t<\/section>\n\t\t\t\t<section class=\"elementor-section elementor-top-section elementor-element elementor-element-a604013 elementor-section-boxed elementor-section-height-default elementor-section-height-default\" data-id=\"a604013\" data-element_type=\"section\" data-e-type=\"section\" data-settings=\"{&quot;background_background&quot;:&quot;classic&quot;,&quot;shape_divider_top&quot;:&quot;arrow&quot;}\">\n\t\t\t\t\t<div class=\"elementor-shape elementor-shape-top\" aria-hidden=\"true\" data-negative=\"false\">\n\t\t\t<svg xmlns=\"http:\/\/www.w3.org\/2000\/svg\" viewbox=\"0 0 700 10\" preserveaspectratio=\"none\">\n\t<path class=\"elementor-shape-fill\" d=\"M350,10L340,0h20L350,10z\"\/>\n<\/svg>\t\t<\/div>\n\t\t\t\t\t<div class=\"elementor-container elementor-column-gap-default\">\n\t\t\t\t\t<div class=\"elementor-column elementor-col-100 elementor-top-column elementor-element elementor-element-3053129\" data-id=\"3053129\" data-element_type=\"column\" data-e-type=\"column\">\n\t\t\t<div class=\"elementor-widget-wrap elementor-element-populated\">\n\t\t\t\t\t\t<div class=\"elementor-element elementor-element-3bb96d6 elementor-widget elementor-widget-image\" data-id=\"3bb96d6\" data-element_type=\"widget\" data-e-type=\"widget\" data-widget_type=\"image.default\">\n\t\t\t\t<div class=\"elementor-widget-container\">\n\t\t\t\t\t\t\t\t\t\t\t\t\t\t\t\t<a href=\"#video\">\n\t\t\t\t\t\t\t<img fetchpriority=\"high\" decoding=\"async\" width=\"300\" height=\"300\" src=\"https:\/\/ayoubmountasir.fr\/wp-content\/uploads\/2025\/01\/ici-1.png\" class=\"elementor-animation-grow-rotate attachment-full size-full wp-image-19508\" alt=\"\" srcset=\"https:\/\/ayoubmountasir.fr\/wp-content\/uploads\/2025\/01\/ici-1.png 300w, https:\/\/ayoubmountasir.fr\/wp-content\/uploads\/2025\/01\/ici-1-150x150.png 150w\" sizes=\"(max-width: 300px) 100vw, 300px\" \/>\t\t\t\t\t\t\t\t<\/a>\n\t\t\t\t\t\t\t\t\t\t\t\t\t\t\t<\/div>\n\t\t\t\t<\/div>\n\t\t\t\t\t<\/div>\n\t\t<\/div>\n\t\t\t\t\t<\/div>\n\t\t<\/section>\n\t\t\t\t<section class=\"elementor-section elementor-top-section elementor-element elementor-element-cfa3db0 video elementor-section-boxed elementor-section-height-default elementor-section-height-default\" data-id=\"cfa3db0\" data-element_type=\"section\" data-e-type=\"section\" id=\"video\" data-settings=\"{&quot;background_background&quot;:&quot;classic&quot;}\">\n\t\t\t\t\t\t<div class=\"elementor-container elementor-column-gap-default\">\n\t\t\t\t\t<div class=\"elementor-column elementor-col-100 elementor-top-column elementor-element elementor-element-b2bea05\" data-id=\"b2bea05\" data-element_type=\"column\" data-e-type=\"column\">\n\t\t\t<div class=\"elementor-widget-wrap elementor-element-populated\">\n\t\t\t\t\t\t<div class=\"elementor-element elementor-element-8f9a5cd elementor-widget elementor-widget-video\" data-id=\"8f9a5cd\" data-element_type=\"widget\" data-e-type=\"widget\" data-settings=\"{&quot;youtube_url&quot;:&quot;https:\\\/\\\/www.youtube.com\\\/watch?v=6fQOpjdXEH4&quot;,&quot;video_type&quot;:&quot;youtube&quot;,&quot;controls&quot;:&quot;yes&quot;}\" data-widget_type=\"video.default\">\n\t\t\t\t<div class=\"elementor-widget-container\">\n\t\t\t\t\t\t\t<div class=\"elementor-wrapper elementor-open-inline\">\n\t\t\t<div class=\"elementor-video\"><\/div>\t\t<\/div>\n\t\t\t\t\t\t<\/div>\n\t\t\t\t<\/div>\n\t\t\t\t<div class=\"elementor-element elementor-element-d0ade7b elementor-widget elementor-widget-spacer\" data-id=\"d0ade7b\" data-element_type=\"widget\" data-e-type=\"widget\" data-widget_type=\"spacer.default\">\n\t\t\t\t<div class=\"elementor-widget-container\">\n\t\t\t\t\t\t\t<div class=\"elementor-spacer\">\n\t\t\t<div class=\"elementor-spacer-inner\"><\/div>\n\t\t<\/div>\n\t\t\t\t\t\t<\/div>\n\t\t\t\t<\/div>\n\t\t\t\t\t<\/div>\n\t\t<\/div>\n\t\t\t\t\t<\/div>\n\t\t<\/section>\n\t\t\t\t<section class=\"elementor-section elementor-top-section elementor-element elementor-element-2a42a27 elementor-section-boxed elementor-section-height-default elementor-section-height-default\" data-id=\"2a42a27\" data-element_type=\"section\" data-e-type=\"section\" data-settings=\"{&quot;background_background&quot;:&quot;video&quot;,&quot;shape_divider_top&quot;:&quot;wave-brush&quot;,&quot;background_video_link&quot;:&quot;https:\\\/\\\/ayoubmountasir.fr\\\/wp-content\\\/uploads\\\/2022\\\/09\\\/background-bureau-maison2.mp4&quot;,&quot;background_play_on_mobile&quot;:&quot;yes&quot;}\">\n\t\t\t\t\t\t\t\t<div class=\"elementor-background-video-container\">\n\t\t\t\t\t\t\t\t\t\t\t\t\t<video class=\"elementor-background-video-hosted\" role=\"presentation\" autoplay muted playsinline loop><\/video>\n\t\t\t\t\t\t\t\t\t\t\t<\/div>\n\t\t\t\t\t\t\t\t\t<div class=\"elementor-background-overlay\"><\/div>\n\t\t\t\t\t\t<div class=\"elementor-shape elementor-shape-top\" aria-hidden=\"true\" data-negative=\"false\">\n\t\t\t<svg xmlns=\"http:\/\/www.w3.org\/2000\/svg\" viewbox=\"0 0 283.5 27.8\" preserveaspectratio=\"none\">\n\t<path class=\"elementor-shape-fill\" d=\"M283.5,9.7c0,0-7.3,4.3-14,4.6c-6.8,0.3-12.6,0-20.9-1.5c-11.3-2-33.1-10.1-44.7-5.7\ts-12.1,4.6-18,7.4c-6.6,3.2-20,9.6-36.6,9.3C131.6,23.5,99.5,7.2,86.3,8c-1.4,0.1-6.6,0.8-10.5,2c-3.8,1.2-9.4,3.8-17,4.7\tc-3.2,0.4-8.3,1.1-14.2,0.9c-1.5-0.1-6.3-0.4-12-1.6c-5.7-1.2-11-3.1-15.8-3.7C6.5,9.2,0,10.8,0,10.8V0h283.5V9.7z M260.8,11.3\tc-0.7-1-2-0.4-4.3-0.4c-2.3,0-6.1-1.2-5.8-1.1c0.3,0.1,3.1,1.5,6,1.9C259.7,12.2,261.4,12.3,260.8,11.3z M242.4,8.6\tc0,0-2.4-0.2-5.6-0.9c-3.2-0.8-10.3-2.8-15.1-3.5c-8.2-1.1-15.8,0-15.1,0.1c0.8,0.1,9.6-0.6,17.6,1.1c3.3,0.7,9.3,2.2,12.4,2.7\tC239.9,8.7,242.4,8.6,242.4,8.6z M185.2,8.5c1.7-0.7-13.3,4.7-18.5,6.1c-2.1,0.6-6.2,1.6-10,2c-3.9,0.4-8.9,0.4-8.8,0.5\tc0,0.2,5.8,0.8,11.2,0c5.4-0.8,5.2-1.1,7.6-1.6C170.5,14.7,183.5,9.2,185.2,8.5z M199.1,6.9c0.2,0-0.8-0.4-4.8,1.1\tc-4,1.5-6.7,3.5-6.9,3.7c-0.2,0.1,3.5-1.8,6.6-3C197,7.5,199,6.9,199.1,6.9z M283,6c-0.1,0.1-1.9,1.1-4.8,2.5s-6.9,2.8-6.7,2.7\tc0.2,0,3.5-0.6,7.4-2.5C282.8,6.8,283.1,5.9,283,6z M31.3,11.6c0.1-0.2-1.9-0.2-4.5-1.2s-5.4-1.6-7.8-2C15,7.6,7.3,8.5,7.7,8.6\tC8,8.7,15.9,8.3,20.2,9.3c2.2,0.5,2.4,0.5,5.7,1.6S31.2,11.9,31.3,11.6z M73,9.2c0.4-0.1,3.5-1.6,8.4-2.6c4.9-1.1,8.9-0.5,8.9-0.8\tc0-0.3-1-0.9-6.2-0.3S72.6,9.3,73,9.2z M71.6,6.7C71.8,6.8,75,5.4,77.3,5c2.3-0.3,1.9-0.5,1.9-0.6c0-0.1-1.1-0.2-2.7,0.2\tC74.8,5.1,71.4,6.6,71.6,6.7z M93.6,4.4c0.1,0.2,3.5,0.8,5.6,1.8c2.1,1,1.8,0.6,1.9,0.5c0.1-0.1-0.8-0.8-2.4-1.3\tC97.1,4.8,93.5,4.2,93.6,4.4z M65.4,11.1c-0.1,0.3,0.3,0.5,1.9-0.2s2.6-1.3,2.2-1.2s-0.9,0.4-2.5,0.8C65.3,10.9,65.5,10.8,65.4,11.1\tz M34.5,12.4c-0.2,0,2.1,0.8,3.3,0.9c1.2,0.1,2,0.1,2-0.2c0-0.3-0.1-0.5-1.6-0.4C36.6,12.8,34.7,12.4,34.5,12.4z M152.2,21.1\tc-0.1,0.1-2.4-0.3-7.5-0.3c-5,0-13.6-2.4-17.2-3.5c-3.6-1.1,10,3.9,16.5,4.1C150.5,21.6,152.3,21,152.2,21.1z\"\/>\n\t<path class=\"elementor-shape-fill\" d=\"M269.6,18c-0.1-0.1-4.6,0.3-7.2,0c-7.3-0.7-17-3.2-16.6-2.9c0.4,0.3,13.7,3.1,17,3.3\tC267.7,18.8,269.7,18,269.6,18z\"\/>\n\t<path class=\"elementor-shape-fill\" d=\"M227.4,9.8c-0.2-0.1-4.5-1-9.5-1.2c-5-0.2-12.7,0.6-12.3,0.5c0.3-0.1,5.9-1.8,13.3-1.2\tS227.6,9.9,227.4,9.8z\"\/>\n\t<path class=\"elementor-shape-fill\" d=\"M204.5,13.4c-0.1-0.1,2-1,3.2-1.1c1.2-0.1,2,0,2,0.3c0,0.3-0.1,0.5-1.6,0.4\tC206.4,12.9,204.6,13.5,204.5,13.4z\"\/>\n\t<path class=\"elementor-shape-fill\" d=\"M201,10.6c0-0.1-4.4,1.2-6.3,2.2c-1.9,0.9-6.2,3.1-6.1,3.1c0.1,0.1,4.2-1.6,6.3-2.6\tS201,10.7,201,10.6z\"\/>\n\t<path class=\"elementor-shape-fill\" d=\"M154.5,26.7c-0.1-0.1-4.6,0.3-7.2,0c-7.3-0.7-17-3.2-16.6-2.9c0.4,0.3,13.7,3.1,17,3.3\tC152.6,27.5,154.6,26.8,154.5,26.7z\"\/>\n\t<path class=\"elementor-shape-fill\" d=\"M41.9,19.3c0,0,1.2-0.3,2.9-0.1c1.7,0.2,5.8,0.9,8.2,0.7c4.2-0.4,7.4-2.7,7-2.6\tc-0.4,0-4.3,2.2-8.6,1.9c-1.8-0.1-5.1-0.5-6.7-0.4S41.9,19.3,41.9,19.3z\"\/>\n\t<path class=\"elementor-shape-fill\" d=\"M75.5,12.6c0.2,0.1,2-0.8,4.3-1.1c2.3-0.2,2.1-0.3,2.1-0.5c0-0.1-1.8-0.4-3.4,0\tC76.9,11.5,75.3,12.5,75.5,12.6z\"\/>\n\t<path class=\"elementor-shape-fill\" d=\"M15.6,13.2c0-0.1,4.3,0,6.7,0.5c2.4,0.5,5,1.9,5,2c0,0.1-2.7-0.8-5.1-1.4\tC19.9,13.7,15.7,13.3,15.6,13.2z\"\/>\n<\/svg>\t\t<\/div>\n\t\t\t\t\t<div class=\"elementor-container elementor-column-gap-default\">\n\t\t\t\t\t<div class=\"elementor-column elementor-col-100 elementor-top-column elementor-element elementor-element-0203a1b\" data-id=\"0203a1b\" data-element_type=\"column\" data-e-type=\"column\">\n\t\t\t<div class=\"elementor-widget-wrap elementor-element-populated\">\n\t\t\t\t\t\t<div class=\"elementor-element elementor-element-a0ae6a9 elementor-widget elementor-widget-spacer\" data-id=\"a0ae6a9\" data-element_type=\"widget\" data-e-type=\"widget\" data-widget_type=\"spacer.default\">\n\t\t\t\t<div class=\"elementor-widget-container\">\n\t\t\t\t\t\t\t<div class=\"elementor-spacer\">\n\t\t\t<div class=\"elementor-spacer-inner\"><\/div>\n\t\t<\/div>\n\t\t\t\t\t\t<\/div>\n\t\t\t\t<\/div>\n\t\t\t\t<div class=\"elementor-element elementor-element-8d8ee51 elementor-widget-mobile__width-inherit elementor-invisible elementor-widget elementor-widget-text-editor\" data-id=\"8d8ee51\" data-element_type=\"widget\" data-e-type=\"widget\" data-settings=\"{&quot;_animation&quot;:&quot;fadeInRight&quot;}\" data-widget_type=\"text-editor.default\">\n\t\t\t\t<div class=\"elementor-widget-container\">\n\t\t\t\t\t\t\t\t\t<p style=\"text-align: center;\">Let's work\u00a0<strong><span style=\"background: #fff repeat scroll 0% 0%; color: #005959;\"> together.\n<\/span><\/strong><\/p>\t\t\t\t\t\t\t\t<\/div>\n\t\t\t\t<\/div>\n\t\t\t\t<div class=\"elementor-element elementor-element-cdd6a92 elementor-align-center elementor-invisible elementor-widget elementor-widget-button\" data-id=\"cdd6a92\" data-element_type=\"widget\" data-e-type=\"widget\" data-settings=\"{&quot;_animation&quot;:&quot;fadeInRight&quot;}\" data-widget_type=\"button.default\">\n\t\t\t\t<div class=\"elementor-widget-container\">\n\t\t\t\t\t\t\t\t\t<div class=\"elementor-button-wrapper\">\n\t\t\t\t\t<a class=\"elementor-button elementor-button-link elementor-size-sm\" href=\"https:\/\/ayoubmountasir.fr\/en\/contact\/\">\n\t\t\t\t\t\t<span class=\"elementor-button-content-wrapper\">\n\t\t\t\t\t\t<span class=\"elementor-button-icon\">\n\t\t\t\t<i aria-hidden=\"true\" class=\"fas fa-paper-plane\"><\/i>\t\t\t<\/span>\n\t\t\t\t\t\t\t\t\t<span class=\"elementor-button-text\">Get in touch<\/span>\n\t\t\t\t\t<\/span>\n\t\t\t\t\t<\/a>\n\t\t\t\t<\/div>\n\t\t\t\t\t\t\t\t<\/div>\n\t\t\t\t<\/div>\n\t\t\t\t\t<\/div>\n\t\t<\/div>\n\t\t\t\t\t<\/div>\n\t\t<\/section>\n\t\t\t\t<\/div>","protected":false},"excerpt":{"rendered":"<p>Cher Conseil des barreaux europ\u00e9ens, bonjour!D\u00e9couvrez en vid\u00e9o comment ma&hellip;<\/p>\n<p> <a class=\"more-link\" href=\"https:\/\/ayoubmountasir.fr\/en\/mon-histoire-avec-le-ccbe\/\">Read more<\/a><\/p>","protected":false},"author":1,"featured_media":1,"parent":0,"menu_order":0,"comment_status":"closed","ping_status":"closed","template":"elementor_header_footer","meta":{"footnotes":""},"class_list":["post-19889","page","type-page","status-publish","has-post-thumbnail"],"yoast_head":"<!-- This site is optimized with the Yoast SEO plugin v27.5 - https:\/\/yoast.com\/product\/yoast-seo-wordpress\/ -->\n<title>Mon histoire avec le CCBE - Ayoub Mountasir<\/title>\n<meta name=\"robots\" content=\"index, follow, max-snippet:-1, max-image-preview:large, max-video-preview:-1\" \/>\n<link rel=\"canonical\" href=\"https:\/\/ayoubmountasir.fr\/en\/mon-histoire-avec-le-ccbe\/\" \/>\n<meta property=\"og:locale\" content=\"en_GB\" \/>\n<meta property=\"og:type\" content=\"article\" \/>\n<meta property=\"og:title\" content=\"Mon histoire avec le CCBE - Ayoub Mountasir\" \/>\n<meta property=\"og:description\" content=\"Cher Conseil des barreaux europ\u00e9ens, bonjour!D\u00e9couvrez en vid\u00e9o comment ma&hellip;  Read more\" \/>\n<meta property=\"og:url\" content=\"https:\/\/ayoubmountasir.fr\/en\/mon-histoire-avec-le-ccbe\/\" \/>\n<meta property=\"og:site_name\" content=\"Ayoub Mountasir\" \/>\n<meta property=\"article:modified_time\" content=\"2025-04-08T22:08:56+00:00\" \/>\n<meta name=\"twitter:card\" content=\"summary_large_image\" \/>\n<meta name=\"twitter:label1\" content=\"Estimated reading time\" \/>\n\t<meta name=\"twitter:data1\" content=\"1 minute\" \/>\n<script type=\"application\/ld+json\" class=\"yoast-schema-graph\">{\"@context\":\"https:\\\/\\\/schema.org\",\"@graph\":[{\"@type\":\"WebPage\",\"@id\":\"https:\\\/\\\/ayoubmountasir.fr\\\/mon-histoire-avec-le-ccbe\\\/\",\"url\":\"https:\\\/\\\/ayoubmountasir.fr\\\/mon-histoire-avec-le-ccbe\\\/\",\"name\":\"Mon histoire avec le CCBE - Ayoub Mountasir\",\"isPartOf\":{\"@id\":\"https:\\\/\\\/ayoubmountasir.fr\\\/#website\"},\"primaryImageOfPage\":{\"@id\":\"https:\\\/\\\/ayoubmountasir.fr\\\/mon-histoire-avec-le-ccbe\\\/#primaryimage\"},\"image\":{\"@id\":\"https:\\\/\\\/ayoubmountasir.fr\\\/mon-histoire-avec-le-ccbe\\\/#primaryimage\"},\"thumbnailUrl\":\"\",\"datePublished\":\"2025-04-08T09:20:20+00:00\",\"dateModified\":\"2025-04-08T22:08:56+00:00\",\"breadcrumb\":{\"@id\":\"https:\\\/\\\/ayoubmountasir.fr\\\/mon-histoire-avec-le-ccbe\\\/#breadcrumb\"},\"inLanguage\":\"en-GB\",\"potentialAction\":[{\"@type\":\"ReadAction\",\"target\":[\"https:\\\/\\\/ayoubmountasir.fr\\\/mon-histoire-avec-le-ccbe\\\/\"]}]},{\"@type\":\"ImageObject\",\"inLanguage\":\"en-GB\",\"@id\":\"https:\\\/\\\/ayoubmountasir.fr\\\/mon-histoire-avec-le-ccbe\\\/#primaryimage\",\"url\":\"\",\"contentUrl\":\"\"},{\"@type\":\"BreadcrumbList\",\"@id\":\"https:\\\/\\\/ayoubmountasir.fr\\\/mon-histoire-avec-le-ccbe\\\/#breadcrumb\",\"itemListElement\":[{\"@type\":\"ListItem\",\"position\":1,\"name\":\"Accueil\",\"item\":\"https:\\\/\\\/ayoubmountasir.fr\\\/\"},{\"@type\":\"ListItem\",\"position\":2,\"name\":\"Mon histoire avec le CCBE\"}]},{\"@type\":\"WebSite\",\"@id\":\"https:\\\/\\\/ayoubmountasir.fr\\\/#website\",\"url\":\"https:\\\/\\\/ayoubmountasir.fr\\\/\",\"name\":\"Ayoub Mountasir\",\"description\":\"Pour faire \u00e9voluer votre histoire en m\u00ealant  strat\u00e9gie, cr\u00e9ativit\u00e9 et authenticit\u00e9.\",\"publisher\":{\"@id\":\"https:\\\/\\\/ayoubmountasir.fr\\\/#organization\"},\"potentialAction\":[{\"@type\":\"SearchAction\",\"target\":{\"@type\":\"EntryPoint\",\"urlTemplate\":\"https:\\\/\\\/ayoubmountasir.fr\\\/?s={search_term_string}\"},\"query-input\":{\"@type\":\"PropertyValueSpecification\",\"valueRequired\":true,\"valueName\":\"search_term_string\"}}],\"inLanguage\":\"en-GB\"},{\"@type\":\"Organization\",\"@id\":\"https:\\\/\\\/ayoubmountasir.fr\\\/#organization\",\"name\":\"Ayoub Mountasir\",\"url\":\"https:\\\/\\\/ayoubmountasir.fr\\\/\",\"logo\":{\"@type\":\"ImageObject\",\"inLanguage\":\"en-GB\",\"@id\":\"https:\\\/\\\/ayoubmountasir.fr\\\/#\\\/schema\\\/logo\\\/image\\\/\",\"url\":\"https:\\\/\\\/ayoubmountasir.fr\\\/wp-content\\\/uploads\\\/2025\\\/01\\\/favicon-am.png\",\"contentUrl\":\"https:\\\/\\\/ayoubmountasir.fr\\\/wp-content\\\/uploads\\\/2025\\\/01\\\/favicon-am.png\",\"width\":512,\"height\":512,\"caption\":\"Ayoub Mountasir\"},\"image\":{\"@id\":\"https:\\\/\\\/ayoubmountasir.fr\\\/#\\\/schema\\\/logo\\\/image\\\/\"}}]}<\/script>\n<!-- \/ Yoast SEO plugin. -->","yoast_head_json":{"title":"Mon histoire avec le CCBE - Ayoub Mountasir","robots":{"index":"index","follow":"follow","max-snippet":"max-snippet:-1","max-image-preview":"max-image-preview:large","max-video-preview":"max-video-preview:-1"},"canonical":"https:\/\/ayoubmountasir.fr\/en\/mon-histoire-avec-le-ccbe\/","og_locale":"en_GB","og_type":"article","og_title":"Mon histoire avec le CCBE - Ayoub Mountasir","og_description":"Cher Conseil des barreaux europ\u00e9ens, bonjour!D\u00e9couvrez en vid\u00e9o comment ma&hellip;  Read more","og_url":"https:\/\/ayoubmountasir.fr\/en\/mon-histoire-avec-le-ccbe\/","og_site_name":"Ayoub Mountasir","article_modified_time":"2025-04-08T22:08:56+00:00","twitter_card":"summary_large_image","twitter_misc":{"Estimated reading time":"1 minute"},"schema":{"@context":"https:\/\/schema.org","@graph":[{"@type":"WebPage","@id":"https:\/\/ayoubmountasir.fr\/mon-histoire-avec-le-ccbe\/","url":"https:\/\/ayoubmountasir.fr\/mon-histoire-avec-le-ccbe\/","name":"Mon histoire avec le CCBE - Ayoub Mountasir","isPartOf":{"@id":"https:\/\/ayoubmountasir.fr\/#website"},"primaryImageOfPage":{"@id":"https:\/\/ayoubmountasir.fr\/mon-histoire-avec-le-ccbe\/#primaryimage"},"image":{"@id":"https:\/\/ayoubmountasir.fr\/mon-histoire-avec-le-ccbe\/#primaryimage"},"thumbnailUrl":"","datePublished":"2025-04-08T09:20:20+00:00","dateModified":"2025-04-08T22:08:56+00:00","breadcrumb":{"@id":"https:\/\/ayoubmountasir.fr\/mon-histoire-avec-le-ccbe\/#breadcrumb"},"inLanguage":"en-GB","potentialAction":[{"@type":"ReadAction","target":["https:\/\/ayoubmountasir.fr\/mon-histoire-avec-le-ccbe\/"]}]},{"@type":"ImageObject","inLanguage":"en-GB","@id":"https:\/\/ayoubmountasir.fr\/mon-histoire-avec-le-ccbe\/#primaryimage","url":"","contentUrl":""},{"@type":"BreadcrumbList","@id":"https:\/\/ayoubmountasir.fr\/mon-histoire-avec-le-ccbe\/#breadcrumb","itemListElement":[{"@type":"ListItem","position":1,"name":"Accueil","item":"https:\/\/ayoubmountasir.fr\/"},{"@type":"ListItem","position":2,"name":"Mon histoire avec le CCBE"}]},{"@type":"WebSite","@id":"https:\/\/ayoubmountasir.fr\/#website","url":"https:\/\/ayoubmountasir.fr\/","name":"Ayoub Mountasir","description":"Pour faire \u00e9voluer votre histoire en m\u00ealant  strat\u00e9gie, cr\u00e9ativit\u00e9 et authenticit\u00e9.","publisher":{"@id":"https:\/\/ayoubmountasir.fr\/#organization"},"potentialAction":[{"@type":"SearchAction","target":{"@type":"EntryPoint","urlTemplate":"https:\/\/ayoubmountasir.fr\/?s={search_term_string}"},"query-input":{"@type":"PropertyValueSpecification","valueRequired":true,"valueName":"search_term_string"}}],"inLanguage":"en-GB"},{"@type":"Organization","@id":"https:\/\/ayoubmountasir.fr\/#organization","name":"Ayoub Mountasir","url":"https:\/\/ayoubmountasir.fr\/","logo":{"@type":"ImageObject","inLanguage":"en-GB","@id":"https:\/\/ayoubmountasir.fr\/#\/schema\/logo\/image\/","url":"https:\/\/ayoubmountasir.fr\/wp-content\/uploads\/2025\/01\/favicon-am.png","contentUrl":"https:\/\/ayoubmountasir.fr\/wp-content\/uploads\/2025\/01\/favicon-am.png","width":512,"height":512,"caption":"Ayoub Mountasir"},"image":{"@id":"https:\/\/ayoubmountasir.fr\/#\/schema\/logo\/image\/"}}]}},"_links":{"self":[{"href":"https:\/\/ayoubmountasir.fr\/en\/wp-json\/wp\/v2\/pages\/19889","targetHints":{"allow":["GET"]}}],"collection":[{"href":"https:\/\/ayoubmountasir.fr\/en\/wp-json\/wp\/v2\/pages"}],"about":[{"href":"https:\/\/ayoubmountasir.fr\/en\/wp-json\/wp\/v2\/types\/page"}],"author":[{"embeddable":true,"href":"https:\/\/ayoubmountasir.fr\/en\/wp-json\/wp\/v2\/users\/1"}],"replies":[{"embeddable":true,"href":"https:\/\/ayoubmountasir.fr\/en\/wp-json\/wp\/v2\/comments?post=19889"}],"version-history":[{"count":10,"href":"https:\/\/ayoubmountasir.fr\/en\/wp-json\/wp\/v2\/pages\/19889\/revisions"}],"predecessor-version":[{"id":19900,"href":"https:\/\/ayoubmountasir.fr\/en\/wp-json\/wp\/v2\/pages\/19889\/revisions\/19900"}],"wp:featuredmedia":[{"embeddable":true,"href":"https:\/\/ayoubmountasir.fr\/en\/wp-json\/wp\/v2\/posts\/1"}],"wp:attachment":[{"href":"https:\/\/ayoubmountasir.fr\/en\/wp-json\/wp\/v2\/media?parent=19889"}],"curies":[{"name":"wp","href":"https:\/\/api.w.org\/{rel}","templated":true}]}}